{"id":1396,"date":"2017-10-03T07:17:18","date_gmt":"2017-10-03T05:17:18","guid":{"rendered":"https:\/\/traitafina.ch\/?page_id=1396"},"modified":"2025-08-21T15:10:46","modified_gmt":"2025-08-21T13:10:46","slug":"home","status":"publish","type":"page","link":"https:\/\/traitafina.ch\/fr\/","title":{"rendered":"Home"},"content":{"rendered":"","protected":false},"excerpt":{"rendered":"","protected":false},"author":27,"featured_media":0,"parent":0,"menu_order":0,"comment_status":"closed","ping_status":"closed","template":"templates\/home_new_template.php","meta":{"_acf_changed":false,"_exactmetrics_skip_tracking":false,"_exactmetrics_sitenote_active":false,"_exactmetrics_sitenote_note":"","_exactmetrics_sitenote_category":0,"footnotes":""},"class_list":["post-1396","page","type-page","status-publish","hentry"],"acf":[],"yoast_head":"<!-- This site is optimized with the Yoast SEO plugin v26.8 - https:\/\/yoast.com\/product\/yoast-seo-wordpress\/ -->\n<title>Traitafina - polyvalent et orient\u00e9 vers le client<\/title>\n<meta name=\"description\" content=\"Viande fra\u00eeche, \u00e9picerie fine et produits convenience de qualit\u00e9 sup\u00e9rieure \u2013 vivez le plaisir en toute simplicit\u00e9 avec Traitafina SA.\" \/>\n<meta name=\"robots\" content=\"index, follow, max-snippet:-1, max-image-preview:large, max-video-preview:-1\" \/>\n<link rel=\"canonical\" href=\"https:\/\/traitafina.ch\/fr\/\" \/>\n<meta property=\"og:locale\" content=\"fr_FR\" \/>\n<meta property=\"og:type\" content=\"article\" \/>\n<meta property=\"og:title\" content=\"Traitafina - polyvalent et orient\u00e9 vers le client\" \/>\n<meta property=\"og:description\" content=\"Viande fra\u00eeche, \u00e9picerie fine et produits convenience de qualit\u00e9 sup\u00e9rieure \u2013 vivez le plaisir en toute simplicit\u00e9 avec Traitafina SA.\" \/>\n<meta property=\"og:url\" content=\"https:\/\/traitafina.ch\/fr\/\" \/>\n<meta property=\"og:site_name\" content=\"Traitafina\" \/>\n<meta property=\"article:publisher\" content=\"https:\/\/www.facebook.com\/traitafina\" \/>\n<meta property=\"article:modified_time\" content=\"2025-08-21T13:10:46+00:00\" \/>\n<meta name=\"twitter:card\" content=\"summary_large_image\" \/>\n<meta name=\"twitter:label1\" content=\"Dur\u00e9e de lecture estim\u00e9e\" \/>\n\t<meta name=\"twitter:data1\" content=\"3 minutes\" \/>\n<script type=\"application\/ld+json\" class=\"yoast-schema-graph\">{\"@context\":\"https:\/\/schema.org\",\"@graph\":[{\"@type\":\"WebPage\",\"@id\":\"https:\/\/traitafina.ch\/fr\/\",\"url\":\"https:\/\/traitafina.ch\/fr\/\",\"name\":\"Traitafina - polyvalent et orient\u00e9 vers le client\",\"isPartOf\":{\"@id\":\"https:\/\/traitafina.ch\/#website\"},\"datePublished\":\"2017-10-03T05:17:18+00:00\",\"dateModified\":\"2025-08-21T13:10:46+00:00\",\"description\":\"Viande fra\u00eeche, \u00e9picerie fine et produits convenience de qualit\u00e9 sup\u00e9rieure \u2013 vivez le plaisir en toute simplicit\u00e9 avec Traitafina SA.\",\"breadcrumb\":{\"@id\":\"https:\/\/traitafina.ch\/fr\/#breadcrumb\"},\"inLanguage\":\"fr-FR\",\"potentialAction\":[{\"@type\":\"ReadAction\",\"target\":[\"https:\/\/traitafina.ch\/fr\/\"]}]},{\"@type\":\"BreadcrumbList\",\"@id\":\"https:\/\/traitafina.ch\/fr\/#breadcrumb\",\"itemListElement\":[{\"@type\":\"ListItem\",\"position\":1,\"name\":\"\",\"item\":\"https:\/\/traitafina.ch\/fr\/\"},{\"@type\":\"ListItem\",\"position\":2,\"name\":\"Home\"}]},{\"@type\":\"WebSite\",\"@id\":\"https:\/\/traitafina.ch\/#website\",\"url\":\"https:\/\/traitafina.ch\/\",\"name\":\"Traitafina\",\"description\":\"Traitafina\",\"publisher\":{\"@id\":\"https:\/\/traitafina.ch\/#organization\"},\"potentialAction\":[{\"@type\":\"SearchAction\",\"target\":{\"@type\":\"EntryPoint\",\"urlTemplate\":\"https:\/\/traitafina.ch\/?s={search_term_string}\"},\"query-input\":{\"@type\":\"PropertyValueSpecification\",\"valueRequired\":true,\"valueName\":\"search_term_string\"}}],\"inLanguage\":\"fr-FR\"},{\"@type\":\"Organization\",\"@id\":\"https:\/\/traitafina.ch\/#organization\",\"name\":\"Traitafina\",\"url\":\"https:\/\/traitafina.ch\/\",\"logo\":{\"@type\":\"ImageObject\",\"inLanguage\":\"fr-FR\",\"@id\":\"https:\/\/traitafina.ch\/#\/schema\/logo\/image\/\",\"url\":\"https:\/\/traitafina.ch\/wp-content\/uploads\/2017\/12\/logo-main.png\",\"contentUrl\":\"https:\/\/traitafina.ch\/wp-content\/uploads\/2017\/12\/logo-main.png\",\"width\":240,\"height\":124,\"caption\":\"Traitafina\"},\"image\":{\"@id\":\"https:\/\/traitafina.ch\/#\/schema\/logo\/image\/\"},\"sameAs\":[\"https:\/\/www.facebook.com\/traitafina\",\"https:\/\/www.instagram.com\/traitafina\/\",\"https:\/\/www.linkedin.com\/company\/traitafina-ag\"]}]}<\/script>\n<!-- \/ Yoast SEO plugin. -->","yoast_head_json":{"title":"Traitafina - polyvalent et orient\u00e9 vers le client","description":"Viande fra\u00eeche, \u00e9picerie fine et produits convenience de qualit\u00e9 sup\u00e9rieure \u2013 vivez le plaisir en toute simplicit\u00e9 avec Traitafina SA.","robots":{"index":"index","follow":"follow","max-snippet":"max-snippet:-1","max-image-preview":"max-image-preview:large","max-video-preview":"max-video-preview:-1"},"canonical":"https:\/\/traitafina.ch\/fr\/","og_locale":"fr_FR","og_type":"article","og_title":"Traitafina - polyvalent et orient\u00e9 vers le client","og_description":"Viande fra\u00eeche, \u00e9picerie fine et produits convenience de qualit\u00e9 sup\u00e9rieure \u2013 vivez le plaisir en toute simplicit\u00e9 avec Traitafina SA.","og_url":"https:\/\/traitafina.ch\/fr\/","og_site_name":"Traitafina","article_publisher":"https:\/\/www.facebook.com\/traitafina","article_modified_time":"2025-08-21T13:10:46+00:00","twitter_card":"summary_large_image","twitter_misc":{"Dur\u00e9e de lecture estim\u00e9e":"3 minutes"},"schema":{"@context":"https:\/\/schema.org","@graph":[{"@type":"WebPage","@id":"https:\/\/traitafina.ch\/fr\/","url":"https:\/\/traitafina.ch\/fr\/","name":"Traitafina - polyvalent et orient\u00e9 vers le client","isPartOf":{"@id":"https:\/\/traitafina.ch\/#website"},"datePublished":"2017-10-03T05:17:18+00:00","dateModified":"2025-08-21T13:10:46+00:00","description":"Viande fra\u00eeche, \u00e9picerie fine et produits convenience de qualit\u00e9 sup\u00e9rieure \u2013 vivez le plaisir en toute simplicit\u00e9 avec Traitafina SA.","breadcrumb":{"@id":"https:\/\/traitafina.ch\/fr\/#breadcrumb"},"inLanguage":"fr-FR","potentialAction":[{"@type":"ReadAction","target":["https:\/\/traitafina.ch\/fr\/"]}]},{"@type":"BreadcrumbList","@id":"https:\/\/traitafina.ch\/fr\/#breadcrumb","itemListElement":[{"@type":"ListItem","position":1,"name":"","item":"https:\/\/traitafina.ch\/fr\/"},{"@type":"ListItem","position":2,"name":"Home"}]},{"@type":"WebSite","@id":"https:\/\/traitafina.ch\/#website","url":"https:\/\/traitafina.ch\/","name":"Traitafina","description":"Traitafina","publisher":{"@id":"https:\/\/traitafina.ch\/#organization"},"potentialAction":[{"@type":"SearchAction","target":{"@type":"EntryPoint","urlTemplate":"https:\/\/traitafina.ch\/?s={search_term_string}"},"query-input":{"@type":"PropertyValueSpecification","valueRequired":true,"valueName":"search_term_string"}}],"inLanguage":"fr-FR"},{"@type":"Organization","@id":"https:\/\/traitafina.ch\/#organization","name":"Traitafina","url":"https:\/\/traitafina.ch\/","logo":{"@type":"ImageObject","inLanguage":"fr-FR","@id":"https:\/\/traitafina.ch\/#\/schema\/logo\/image\/","url":"https:\/\/traitafina.ch\/wp-content\/uploads\/2017\/12\/logo-main.png","contentUrl":"https:\/\/traitafina.ch\/wp-content\/uploads\/2017\/12\/logo-main.png","width":240,"height":124,"caption":"Traitafina"},"image":{"@id":"https:\/\/traitafina.ch\/#\/schema\/logo\/image\/"},"sameAs":["https:\/\/www.facebook.com\/traitafina","https:\/\/www.instagram.com\/traitafina\/","https:\/\/www.linkedin.com\/company\/traitafina-ag"]}]}},"_links":{"self":[{"href":"https:\/\/traitafina.ch\/fr\/wp-json\/wp\/v2\/pages\/1396","targetHints":{"allow":["GET"]}}],"collection":[{"href":"https:\/\/traitafina.ch\/fr\/wp-json\/wp\/v2\/pages"}],"about":[{"href":"https:\/\/traitafina.ch\/fr\/wp-json\/wp\/v2\/types\/page"}],"author":[{"embeddable":true,"href":"https:\/\/traitafina.ch\/fr\/wp-json\/wp\/v2\/users\/27"}],"replies":[{"embeddable":true,"href":"https:\/\/traitafina.ch\/fr\/wp-json\/wp\/v2\/comments?post=1396"}],"version-history":[{"count":4,"href":"https:\/\/traitafina.ch\/fr\/wp-json\/wp\/v2\/pages\/1396\/revisions"}],"predecessor-version":[{"id":26594,"href":"https:\/\/traitafina.ch\/fr\/wp-json\/wp\/v2\/pages\/1396\/revisions\/26594"}],"wp:attachment":[{"href":"https:\/\/traitafina.ch\/fr\/wp-json\/wp\/v2\/media?parent=1396"}],"curies":[{"name":"wp","href":"https:\/\/api.w.org\/{rel}","templated":true}]}}