{"id":1416,"date":"2017-10-03T11:12:02","date_gmt":"2017-10-03T09:12:02","guid":{"rendered":"https:\/\/traitafina.ch\/?page_id=1416"},"modified":"2018-11-30T13:34:27","modified_gmt":"2018-11-30T12:34:27","slug":"agb","status":"publish","type":"page","link":"https:\/\/traitafina.ch\/fr\/agb\/","title":{"rendered":"AGB"},"content":{"rendered":"<div class=\"agb_inner\">\n<p style=\"text-align: center;\"><em><strong>Cette page n\u2019est actuellement disponible qu\u2019en allemand.<\/strong><\/em><\/p>\n<p dir=\"ltr\" align=\"left\"><strong>1. Preise<\/strong><\/p>\n<p dir=\"ltr\" align=\"left\">1.1. Die Preise, welche in der Preisliste der Traitafina gedruckt sind, sind grunds\u00e4tzlich als Richtpreise zu verstehen. Infolge Rohstoffpreis-Ver\u00e4nderungen k\u00f6nnen die angegebenen Preise variieren. Unsere Preise verstehen sich freibleibend. Preise exkl. MwSt.<\/p>\n<p dir=\"ltr\" align=\"left\">1.2. Die Preise verstehen sich f\u00fcr Lieferungen franko Em<span>pf\u00e4n<\/span>ger, bzw. Bahn- \/ Talstation.Der Warenwert pro Lieferung muss mindestens CHF 300.- betragen.Wird dieser Mindestbetrag nicht erreicht, wird ein Transportkostenanteil von CHF 50.- pro Lieferung verrechnet. Lieferungen mit einem Warenwert unter CHF 100.- m\u00fcssen am Hauptsitz in Lenzburg abgeholt werden.<\/p>\n<\/div>\n<div class=\"agb_inner\">\n<p dir=\"ltr\" align=\"left\"><strong>2. Lieferbedingungen<\/strong><\/p>\n<p dir=\"ltr\" align=\"left\">2.1. Die Ware ist sofort nach Erhalt auszupacken, zu kontrollieren und fachm\u00e4nnisch zu lagern.<\/p>\n<p dir=\"ltr\" align=\"left\">2.2. Gek\u00fchlt haltbare Lebensmittel (Frischfleisch, tiefgek\u00fchlte Produkte, Wurstwaren usw.) werden gem\u00e4ss Lebensmittel-Verordnung nicht ungek\u00fchlt per Post oder Bahn geliefert.<\/p>\n<p dir=\"ltr\" align=\"left\">2.3. Wird die Annahme unserer Lieferung durch den Kunden grundlos oder aus Gr\u00fcnden, die wir nicht zu verantworten haben, verweigert, so behalten wir uns das Recht vor, ihn f\u00fcr die dadurch entstandenen Kosten aufkommen zu lassen. W\u00fcnscht der Kunde die Lieferung pers\u00f6nlich entgegenzunehmen, muss er uns dies sp\u00e4testens bei Bestellungsaufgabe mitteilen. Im Normalfall gehen wir davon aus, dass die Annahme der Lieferung auch durch andere im Betrieb des Kunden besch\u00e4ftigte Personen gegen Unterschrift auf dem Lieferschein erfolgen darf.<\/p>\n<p dir=\"ltr\" align=\"left\">2.4. F\u00fcr falsch- oder zuvielbestellte Ware besteht keine R\u00fccknahmepflicht.<\/p>\n<p dir=\"ltr\" align=\"left\">2.5. Wir liefern nach Tourenplan. Abladezeiten k\u00f6nnen nicht fix vereinbart werden.<\/p>\n<p dir=\"ltr\" align=\"left\">2.6. Bei verz\u00f6gerter Lieferung oder mangelhafter Ware bestehen f\u00fcr den Warenempf\u00e4nger keine Haftungsanspr\u00fcche f\u00fcr allf\u00e4llige Betriebsunterbr\u00fcche oder entgangene Gewinne.<\/p>\n<p dir=\"ltr\" align=\"left\">2.7. Wenn auf Kundenwunsch die Ware deponiert werden muss, geschieht dies auf Risiko des Kunden (bei Verderben wegen ungen\u00fcgender K\u00fchlung oder Diebstahl \u00fcbernimmt Traitafina keine Haftung).<\/p>\n<p dir=\"ltr\" align=\"left\">2.8. Befindet sich der K\u00e4ufer mit seinen Zahlungen in Verzug, so behalten wir uns das Recht vor, auf die Bestellungen nicht einzutreten und allf\u00e4llig h\u00e4ngige Nachlieferungen nicht zu erf\u00fcllen.<\/p>\n<p dir=\"ltr\" align=\"left\">2.9. F\u00fcr Qualit\u00e4t und Haltbarkeit unserer Erzeugnisse garantieren wir unter den folgenden Bedingungen:<\/p>\n<p dir=\"ltr\" align=\"left\">A) Gek\u00fchlte Lebensmittel m\u00fcssen sofort nach Empfang ausgepackt und bei max. 2\u20135 \u00b0C gelagert werden.<\/p>\n<p dir=\"ltr\" align=\"left\">B) Tiefk\u00fchlprodukte sind sachgem\u00e4ss zu behandeln und bei einer ununterbrochenen Temperatur von mindestens -18 \u00b0C zu lagern.<\/p>\n<p dir=\"ltr\" align=\"left\">2.10. Reklamationen: Wir ersetzen alle, bei Anlieferung nicht einwandfreien Produkte, sofern uns dies innert 12 Stunden nach Empfang telefonisch oder schriftlich mitgeteilt und die Ware zur Verf\u00fcgung gestellt wird.<\/p>\n<p dir=\"ltr\" align=\"left\">2.11. Gebinde ist und bleibt Eigentum der Traitafina AG. Wir behalten uns vor, Depotgeb\u00fchren zu verlangen. Nicht retournierte Gebinde werden in Rechnung gestellt.<\/p>\n<\/div>\n<div class=\"agb_inner\">\n<p dir=\"ltr\" align=\"left\"><strong>3. Zahlungsbedingungen<\/strong><\/p>\n<p dir=\"ltr\" align=\"left\">3.1. Unsere Rechnungen sind innert 15 Tagen rein netto, ohne jeden Abzug zu zahlen.<\/p>\n<p dir=\"ltr\" align=\"left\">3.2. Wir behalten uns vor, in besonderen F\u00e4llen gegen Nachnahme zu liefern. Nachnahmen geben keinen Anspruch auf Skontoabzug.<\/p>\n<\/div>\n<div class=\"agb_inner\">\n<p dir=\"ltr\" align=\"left\"><strong>4. Verschiedenes<\/strong><\/p>\n<p dir=\"ltr\" align=\"left\">4.1. M\u00fcndliche, besondere Abmachungen gelten nur, wenn sie von uns schriftlich best\u00e4tigt werden.<\/p>\n<p dir=\"ltr\" align=\"left\">4.2. Durch das Erteilen eines Auftrages anerkennt der Besteller die Verkaufs- und Lieferbedingungen.<\/p>\n<p dir=\"ltr\" align=\"left\">4.3. Sortiments- und Verpackungs-\u00c4nderungen, sowie \u00c4nderungen der Lieferm\u00f6glichkeiten bleiben jederzeit vorbehalten.<\/p>\n<p dir=\"ltr\" align=\"left\">4.4. Gerichtsstand ist Lenzburg.<\/p>\n<\/div>\n","protected":false},"excerpt":{"rendered":"<p>Cette page n\u2019est actuellement disponible qu\u2019en allemand. 1. Preise 1.1. Die Preise, welche in der Preisliste der Traitafina gedruckt sind, sind grunds\u00e4tzlich als Richtpreise zu verstehen. Infolge Rohstoffpreis-Ver\u00e4nderungen k\u00f6nnen die angegebenen Preise variieren. Unsere Preise verstehen sich freibleibend. Preise exkl. MwSt. 1.2. Die Preise verstehen sich f\u00fcr Lieferungen franko Empf\u00e4nger, bzw. Bahn- \/ Talstation.Der Warenwert &hellip; <a href=\"https:\/\/traitafina.ch\/fr\/agb\/\" class=\"more-link\">Continuer la lecture<span class=\"screen-reader-text\"> de &laquo;&nbsp;AGB&nbsp;&raquo;<\/span><\/a><\/p>\n","protected":false},"author":27,"featured_media":0,"parent":0,"menu_order":99,"comment_status":"closed","ping_status":"closed","template":"templates\/agb_template.php","meta":{"_acf_changed":false,"_exactmetrics_skip_tracking":false,"_exactmetrics_sitenote_active":false,"_exactmetrics_sitenote_note":"","_exactmetrics_sitenote_category":0,"footnotes":""},"class_list":["post-1416","page","type-page","status-publish","hentry"],"acf":[],"yoast_head":"<!-- This site is optimized with the Yoast SEO plugin v26.8 - https:\/\/yoast.com\/product\/yoast-seo-wordpress\/ -->\n<title>AGB - Traitafina<\/title>\n<meta name=\"robots\" content=\"index, follow, max-snippet:-1, max-image-preview:large, max-video-preview:-1\" \/>\n<link rel=\"canonical\" href=\"https:\/\/traitafina.ch\/fr\/agb\/\" \/>\n<meta property=\"og:locale\" content=\"fr_FR\" \/>\n<meta property=\"og:type\" content=\"article\" \/>\n<meta property=\"og:title\" content=\"AGB - Traitafina\" \/>\n<meta property=\"og:description\" content=\"Cette page n\u2019est actuellement disponible qu\u2019en allemand. 1. Preise 1.1. Die Preise, welche in der Preisliste der Traitafina gedruckt sind, sind grunds\u00e4tzlich als Richtpreise zu verstehen. Infolge Rohstoffpreis-Ver\u00e4nderungen k\u00f6nnen die angegebenen Preise variieren. Unsere Preise verstehen sich freibleibend. Preise exkl. MwSt. 1.2. Die Preise verstehen sich f\u00fcr Lieferungen franko Empf\u00e4nger, bzw. Bahn- \/ Talstation.Der Warenwert &hellip; Continuer la lecture de &laquo;&nbsp;AGB&nbsp;&raquo;\" \/>\n<meta property=\"og:url\" content=\"https:\/\/traitafina.ch\/fr\/agb\/\" \/>\n<meta property=\"og:site_name\" content=\"Traitafina\" \/>\n<meta property=\"article:publisher\" content=\"https:\/\/www.facebook.com\/traitafina\" \/>\n<meta property=\"article:modified_time\" content=\"2018-11-30T12:34:27+00:00\" \/>\n<meta name=\"twitter:card\" content=\"summary_large_image\" \/>\n<meta name=\"twitter:label1\" content=\"Dur\u00e9e de lecture estim\u00e9e\" \/>\n\t<meta name=\"twitter:data1\" content=\"2 minutes\" \/>\n<script type=\"application\/ld+json\" class=\"yoast-schema-graph\">{\"@context\":\"https:\/\/schema.org\",\"@graph\":[{\"@type\":\"WebPage\",\"@id\":\"https:\/\/traitafina.ch\/fr\/agb\/\",\"url\":\"https:\/\/traitafina.ch\/fr\/agb\/\",\"name\":\"AGB - Traitafina\",\"isPartOf\":{\"@id\":\"https:\/\/traitafina.ch\/#website\"},\"datePublished\":\"2017-10-03T09:12:02+00:00\",\"dateModified\":\"2018-11-30T12:34:27+00:00\",\"breadcrumb\":{\"@id\":\"https:\/\/traitafina.ch\/fr\/agb\/#breadcrumb\"},\"inLanguage\":\"fr-FR\",\"potentialAction\":[{\"@type\":\"ReadAction\",\"target\":[\"https:\/\/traitafina.ch\/fr\/agb\/\"]}]},{\"@type\":\"BreadcrumbList\",\"@id\":\"https:\/\/traitafina.ch\/fr\/agb\/#breadcrumb\",\"itemListElement\":[{\"@type\":\"ListItem\",\"position\":1,\"name\":\"\",\"item\":\"https:\/\/traitafina.ch\/fr\/\"},{\"@type\":\"ListItem\",\"position\":2,\"name\":\"AGB\"}]},{\"@type\":\"WebSite\",\"@id\":\"https:\/\/traitafina.ch\/#website\",\"url\":\"https:\/\/traitafina.ch\/\",\"name\":\"Traitafina\",\"description\":\"Traitafina\",\"publisher\":{\"@id\":\"https:\/\/traitafina.ch\/#organization\"},\"potentialAction\":[{\"@type\":\"SearchAction\",\"target\":{\"@type\":\"EntryPoint\",\"urlTemplate\":\"https:\/\/traitafina.ch\/?s={search_term_string}\"},\"query-input\":{\"@type\":\"PropertyValueSpecification\",\"valueRequired\":true,\"valueName\":\"search_term_string\"}}],\"inLanguage\":\"fr-FR\"},{\"@type\":\"Organization\",\"@id\":\"https:\/\/traitafina.ch\/#organization\",\"name\":\"Traitafina\",\"url\":\"https:\/\/traitafina.ch\/\",\"logo\":{\"@type\":\"ImageObject\",\"inLanguage\":\"fr-FR\",\"@id\":\"https:\/\/traitafina.ch\/#\/schema\/logo\/image\/\",\"url\":\"https:\/\/traitafina.ch\/wp-content\/uploads\/2017\/12\/logo-main.png\",\"contentUrl\":\"https:\/\/traitafina.ch\/wp-content\/uploads\/2017\/12\/logo-main.png\",\"width\":240,\"height\":124,\"caption\":\"Traitafina\"},\"image\":{\"@id\":\"https:\/\/traitafina.ch\/#\/schema\/logo\/image\/\"},\"sameAs\":[\"https:\/\/www.facebook.com\/traitafina\",\"https:\/\/www.instagram.com\/traitafina\/\",\"https:\/\/www.linkedin.com\/company\/traitafina-ag\"]}]}<\/script>\n<!-- \/ Yoast SEO plugin. -->","yoast_head_json":{"title":"AGB - Traitafina","robots":{"index":"index","follow":"follow","max-snippet":"max-snippet:-1","max-image-preview":"max-image-preview:large","max-video-preview":"max-video-preview:-1"},"canonical":"https:\/\/traitafina.ch\/fr\/agb\/","og_locale":"fr_FR","og_type":"article","og_title":"AGB - Traitafina","og_description":"Cette page n\u2019est actuellement disponible qu\u2019en allemand. 1. Preise 1.1. Die Preise, welche in der Preisliste der Traitafina gedruckt sind, sind grunds\u00e4tzlich als Richtpreise zu verstehen. Infolge Rohstoffpreis-Ver\u00e4nderungen k\u00f6nnen die angegebenen Preise variieren. Unsere Preise verstehen sich freibleibend. Preise exkl. MwSt. 1.2. Die Preise verstehen sich f\u00fcr Lieferungen franko Empf\u00e4nger, bzw. Bahn- \/ Talstation.Der Warenwert &hellip; Continuer la lecture de &laquo;&nbsp;AGB&nbsp;&raquo;","og_url":"https:\/\/traitafina.ch\/fr\/agb\/","og_site_name":"Traitafina","article_publisher":"https:\/\/www.facebook.com\/traitafina","article_modified_time":"2018-11-30T12:34:27+00:00","twitter_card":"summary_large_image","twitter_misc":{"Dur\u00e9e de lecture estim\u00e9e":"2 minutes"},"schema":{"@context":"https:\/\/schema.org","@graph":[{"@type":"WebPage","@id":"https:\/\/traitafina.ch\/fr\/agb\/","url":"https:\/\/traitafina.ch\/fr\/agb\/","name":"AGB - Traitafina","isPartOf":{"@id":"https:\/\/traitafina.ch\/#website"},"datePublished":"2017-10-03T09:12:02+00:00","dateModified":"2018-11-30T12:34:27+00:00","breadcrumb":{"@id":"https:\/\/traitafina.ch\/fr\/agb\/#breadcrumb"},"inLanguage":"fr-FR","potentialAction":[{"@type":"ReadAction","target":["https:\/\/traitafina.ch\/fr\/agb\/"]}]},{"@type":"BreadcrumbList","@id":"https:\/\/traitafina.ch\/fr\/agb\/#breadcrumb","itemListElement":[{"@type":"ListItem","position":1,"name":"","item":"https:\/\/traitafina.ch\/fr\/"},{"@type":"ListItem","position":2,"name":"AGB"}]},{"@type":"WebSite","@id":"https:\/\/traitafina.ch\/#website","url":"https:\/\/traitafina.ch\/","name":"Traitafina","description":"Traitafina","publisher":{"@id":"https:\/\/traitafina.ch\/#organization"},"potentialAction":[{"@type":"SearchAction","target":{"@type":"EntryPoint","urlTemplate":"https:\/\/traitafina.ch\/?s={search_term_string}"},"query-input":{"@type":"PropertyValueSpecification","valueRequired":true,"valueName":"search_term_string"}}],"inLanguage":"fr-FR"},{"@type":"Organization","@id":"https:\/\/traitafina.ch\/#organization","name":"Traitafina","url":"https:\/\/traitafina.ch\/","logo":{"@type":"ImageObject","inLanguage":"fr-FR","@id":"https:\/\/traitafina.ch\/#\/schema\/logo\/image\/","url":"https:\/\/traitafina.ch\/wp-content\/uploads\/2017\/12\/logo-main.png","contentUrl":"https:\/\/traitafina.ch\/wp-content\/uploads\/2017\/12\/logo-main.png","width":240,"height":124,"caption":"Traitafina"},"image":{"@id":"https:\/\/traitafina.ch\/#\/schema\/logo\/image\/"},"sameAs":["https:\/\/www.facebook.com\/traitafina","https:\/\/www.instagram.com\/traitafina\/","https:\/\/www.linkedin.com\/company\/traitafina-ag"]}]}},"_links":{"self":[{"href":"https:\/\/traitafina.ch\/fr\/wp-json\/wp\/v2\/pages\/1416","targetHints":{"allow":["GET"]}}],"collection":[{"href":"https:\/\/traitafina.ch\/fr\/wp-json\/wp\/v2\/pages"}],"about":[{"href":"https:\/\/traitafina.ch\/fr\/wp-json\/wp\/v2\/types\/page"}],"author":[{"embeddable":true,"href":"https:\/\/traitafina.ch\/fr\/wp-json\/wp\/v2\/users\/27"}],"replies":[{"embeddable":true,"href":"https:\/\/traitafina.ch\/fr\/wp-json\/wp\/v2\/comments?post=1416"}],"version-history":[{"count":0,"href":"https:\/\/traitafina.ch\/fr\/wp-json\/wp\/v2\/pages\/1416\/revisions"}],"wp:attachment":[{"href":"https:\/\/traitafina.ch\/fr\/wp-json\/wp\/v2\/media?parent=1416"}],"curies":[{"name":"wp","href":"https:\/\/api.w.org\/{rel}","templated":true}]}}