{"id":4263,"date":"2018-04-10T11:33:54","date_gmt":"2018-04-10T09:33:54","guid":{"rendered":"https:\/\/traitafina.ch\/?page_id=4263"},"modified":"2018-04-16T14:06:06","modified_gmt":"2018-04-16T12:06:06","slug":"empreinte","status":"publish","type":"page","link":"https:\/\/traitafina.ch\/fr\/empreinte\/","title":{"rendered":"Empreinte"},"content":{"rendered":"<div class=\"imp_container\"><strong>Mentions l\u00e9gales<\/strong><br \/>\nResponsable du contenu des pages du site Internet<br \/>\nTraitafina AG<br \/>\nNiederlenzer Kirchweg 12<br \/>\nPostfach 630<br \/>\nCH-5600 Lenzburg<br \/>\nE-Mail: <a href=\"mailto:info@traitafina.ch\">info@traitafina.ch<\/a><br \/>\nT\u00e9l\u00e9phone:<a href=\"tel:41628852121\"> +41 62 885 21 21<\/p>\n<p><\/a><strong>Conditions d&rsquo;utilisation<\/strong><br \/>\nD&rsquo;une fa\u00e7on g\u00e9n\u00e9rale, nous souhaitons vous proposer sur notre site Internet uniquement des informations compl\u00e8tes, exactes et actualis\u00e9es. Nous ne sommes cependant pas responsables des informations erron\u00e9es. Les prix, les d\u00e9lais de livraison et disponibilit\u00e9s de marchandises affich\u00e9s sur notre site Internet sont toujours fournis \u00e0 titre indicatif. Nous ne sommes pas responsables du contenu des sites Internet externes. Cela s&rsquo;applique notamment aux liens pr\u00e9sents sur notre site Internet qui m\u00e8nent \u00e0 d&rsquo;autres sites Internet, sur lesquels nous n&rsquo;avons aucune influence.<\/p>\n<p><strong>Copyrights<\/strong><br \/>\nLes images, textes et autres contenus de notre site Internet sont prot\u00e9g\u00e9s par les droits d&rsquo;auteur. Leur t\u00e9l\u00e9chargement et leur reproduction \u00e0 des fins autres que purement priv\u00e9es, ou dans le cadre d&rsquo;une autre utilisation d\u00e9coulant de lanature du contenu vis\u00e9, requi\u00e8rent notre accord expr\u00e8s et \u00e9crit. Nous nous r\u00e9servons le droit de prendre toutes les mesures l\u00e9gales s&rsquo;imposant en cas d&rsquo;utilisation non autoris\u00e9e des contenus.<\/p>\n<p><strong>Protection des donn\u00e9es<\/strong><br \/>\nTraitafina traite vos donn\u00e9es personnelles collect\u00e9es lors de votre consultation des pages de notre site Internet conform\u00e9ment aux dispositions l\u00e9gales suisses en mati\u00e8re de protection des donn\u00e9es. En outre, les donn\u00e9es \u00e0 caract\u00e8re personnel ne seront alors stock\u00e9es et trait\u00e9es \u2013 sauf accord contraire de votre part \u2013 qu&rsquo;une seule fois afin de r\u00e9pondre \u00e0 votre demande. Vos donn\u00e9es personnelles ne sont jamais collect\u00e9es sans votre accord. Vos donn\u00e9es seront trait\u00e9es de mani\u00e8re confidentielle et nous ne les communiquerons pas \u00e0 des tiers.<\/p>\n<p><strong>Google Analytics<\/strong><br \/>\nCe site Internet utilise Google Analytics, un service d&rsquo;analyse Internet de la soci\u00e9t\u00e9 Google Inc.<br \/>\n(\u00ab Google \u00bb). Google Analytics utilise ce que l&rsquo;on appelle des \u00ab cookies \u00bb, des fichiers texte qui sont enregistr\u00e9s sur votre ordinateur et permettent d&rsquo;analyser l&rsquo;utilisation du site Internet. Les informations g\u00e9n\u00e9r\u00e9es par le cookie concernant votre utilisation de ce site Internet (y compris votre adresse IP) sont transmises \u00e0 un serveur de Google aux \u00c9tats-Unis, o\u00f9 elles sont stock\u00e9es. Google utilisera ces informations pour analyser votre utilisation du site Internet, pour fournir \u00e0 son exploitant des rapports sur les activit\u00e9s du site Internet et d&rsquo;autres services li\u00e9s \u00e0 l&rsquo;utilisation du site Internet et d&rsquo;Internet. Dans la mesure o\u00f9 la loi l&rsquo;y autorise, Google communiquera le cas \u00e9ch\u00e9ant ces informations \u00e0 des tiers ou si des tiers sont charg\u00e9s par Google de traiter ces donn\u00e9es. En aucun cas, Google n&rsquo;associera votre adresse IP avec d&rsquo;autres donn\u00e9es de Google. Vous pouvez emp\u00eacher l&rsquo;installation de cookies par un param\u00e9trage appropri\u00e9 du logiciel de votre navigateur ; nous attirons cependant votre attention sur le fait que, dans ce cas, vous pourriez \u00e9ventuellement ne pas pouvoir pleinement profiter de toutes les fonctionnalit\u00e9s de ce site Internet. En utilisant ce site Internet, vous indiquez votre accord pour le traitement des donn\u00e9es recueillies sur vous par Google de la mani\u00e8re et dans le cadre de<br \/>\nl&rsquo;utilisation pr\u00e9c\u00e9demment expos\u00e9es.<\/p>\n<p><strong>S\u00e9curit\u00e9 des donn\u00e9es<br \/>\n<\/strong>Traitafina prot\u00e8ge vos donn\u00e9es contre tout acc\u00e8s non autoris\u00e9 gr\u00e2ce \u00e0 des mesures techniques et organisationnelles.<\/p>\n<p>Si vous avez des questions, ou si vous avez besoin de clarifications, veuillez-vous adresser \u00e0 :<\/p>\n<p>E-Mail: <a href=\"mailto:info@traitafina.ch\">info@traitafina.ch<\/a><br \/>\nT\u00e9l\u00e9phone:<a href=\"tel:41628852121\"> +41 62 885 21 21<\/a><\/p>\n<\/div>\n","protected":false},"excerpt":{"rendered":"<p>Mentions l\u00e9gales Responsable du contenu des pages du site Internet Traitafina AG Niederlenzer Kirchweg 12 Postfach 630 CH-5600 Lenzburg E-Mail: info@traitafina.ch T\u00e9l\u00e9phone: +41 62 885 21 21 Conditions d&rsquo;utilisation D&rsquo;une fa\u00e7on g\u00e9n\u00e9rale, nous souhaitons vous proposer sur notre site Internet uniquement des informations compl\u00e8tes, exactes et actualis\u00e9es. Nous ne sommes cependant pas responsables des informations &hellip; <a href=\"https:\/\/traitafina.ch\/fr\/empreinte\/\" class=\"more-link\">Continuer la lecture<span class=\"screen-reader-text\"> de &laquo;&nbsp;Empreinte&nbsp;&raquo;<\/span><\/a><\/p>\n","protected":false},"author":23,"featured_media":0,"parent":0,"menu_order":0,"comment_status":"closed","ping_status":"closed","template":"templates\/agb_template.php","meta":{"_acf_changed":false,"_exactmetrics_skip_tracking":false,"_exactmetrics_sitenote_active":false,"_exactmetrics_sitenote_note":"","_exactmetrics_sitenote_category":0,"footnotes":""},"class_list":["post-4263","page","type-page","status-publish","hentry"],"acf":[],"yoast_head":"<!-- This site is optimized with the Yoast SEO plugin v26.8 - https:\/\/yoast.com\/product\/yoast-seo-wordpress\/ -->\n<title>Empreinte - Traitafina<\/title>\n<meta name=\"robots\" content=\"index, follow, max-snippet:-1, max-image-preview:large, max-video-preview:-1\" \/>\n<link rel=\"canonical\" href=\"https:\/\/traitafina.ch\/fr\/empreinte\/\" \/>\n<meta property=\"og:locale\" content=\"fr_FR\" \/>\n<meta property=\"og:type\" content=\"article\" \/>\n<meta property=\"og:title\" content=\"Empreinte - Traitafina\" \/>\n<meta property=\"og:description\" content=\"Mentions l\u00e9gales Responsable du contenu des pages du site Internet Traitafina AG Niederlenzer Kirchweg 12 Postfach 630 CH-5600 Lenzburg E-Mail: info@traitafina.ch T\u00e9l\u00e9phone: +41 62 885 21 21 Conditions d&rsquo;utilisation D&rsquo;une fa\u00e7on g\u00e9n\u00e9rale, nous souhaitons vous proposer sur notre site Internet uniquement des informations compl\u00e8tes, exactes et actualis\u00e9es. Nous ne sommes cependant pas responsables des informations &hellip; Continuer la lecture de &laquo;&nbsp;Empreinte&nbsp;&raquo;\" \/>\n<meta property=\"og:url\" content=\"https:\/\/traitafina.ch\/fr\/empreinte\/\" \/>\n<meta property=\"og:site_name\" content=\"Traitafina\" \/>\n<meta property=\"article:publisher\" content=\"https:\/\/www.facebook.com\/traitafina\" \/>\n<meta property=\"article:modified_time\" content=\"2018-04-16T12:06:06+00:00\" \/>\n<meta name=\"twitter:card\" content=\"summary_large_image\" \/>\n<meta name=\"twitter:label1\" content=\"Dur\u00e9e de lecture estim\u00e9e\" \/>\n\t<meta name=\"twitter:data1\" content=\"3 minutes\" \/>\n<script type=\"application\/ld+json\" class=\"yoast-schema-graph\">{\"@context\":\"https:\/\/schema.org\",\"@graph\":[{\"@type\":\"WebPage\",\"@id\":\"https:\/\/traitafina.ch\/fr\/empreinte\/\",\"url\":\"https:\/\/traitafina.ch\/fr\/empreinte\/\",\"name\":\"Empreinte - Traitafina\",\"isPartOf\":{\"@id\":\"https:\/\/traitafina.ch\/#website\"},\"datePublished\":\"2018-04-10T09:33:54+00:00\",\"dateModified\":\"2018-04-16T12:06:06+00:00\",\"breadcrumb\":{\"@id\":\"https:\/\/traitafina.ch\/fr\/empreinte\/#breadcrumb\"},\"inLanguage\":\"fr-FR\",\"potentialAction\":[{\"@type\":\"ReadAction\",\"target\":[\"https:\/\/traitafina.ch\/fr\/empreinte\/\"]}]},{\"@type\":\"BreadcrumbList\",\"@id\":\"https:\/\/traitafina.ch\/fr\/empreinte\/#breadcrumb\",\"itemListElement\":[{\"@type\":\"ListItem\",\"position\":1,\"name\":\"\",\"item\":\"https:\/\/traitafina.ch\/fr\/\"},{\"@type\":\"ListItem\",\"position\":2,\"name\":\"Empreinte\"}]},{\"@type\":\"WebSite\",\"@id\":\"https:\/\/traitafina.ch\/#website\",\"url\":\"https:\/\/traitafina.ch\/\",\"name\":\"Traitafina\",\"description\":\"Traitafina\",\"publisher\":{\"@id\":\"https:\/\/traitafina.ch\/#organization\"},\"potentialAction\":[{\"@type\":\"SearchAction\",\"target\":{\"@type\":\"EntryPoint\",\"urlTemplate\":\"https:\/\/traitafina.ch\/?s={search_term_string}\"},\"query-input\":{\"@type\":\"PropertyValueSpecification\",\"valueRequired\":true,\"valueName\":\"search_term_string\"}}],\"inLanguage\":\"fr-FR\"},{\"@type\":\"Organization\",\"@id\":\"https:\/\/traitafina.ch\/#organization\",\"name\":\"Traitafina\",\"url\":\"https:\/\/traitafina.ch\/\",\"logo\":{\"@type\":\"ImageObject\",\"inLanguage\":\"fr-FR\",\"@id\":\"https:\/\/traitafina.ch\/#\/schema\/logo\/image\/\",\"url\":\"https:\/\/traitafina.ch\/wp-content\/uploads\/2017\/12\/logo-main.png\",\"contentUrl\":\"https:\/\/traitafina.ch\/wp-content\/uploads\/2017\/12\/logo-main.png\",\"width\":240,\"height\":124,\"caption\":\"Traitafina\"},\"image\":{\"@id\":\"https:\/\/traitafina.ch\/#\/schema\/logo\/image\/\"},\"sameAs\":[\"https:\/\/www.facebook.com\/traitafina\",\"https:\/\/www.instagram.com\/traitafina\/\",\"https:\/\/www.linkedin.com\/company\/traitafina-ag\"]}]}<\/script>\n<!-- \/ Yoast SEO plugin. -->","yoast_head_json":{"title":"Empreinte - Traitafina","robots":{"index":"index","follow":"follow","max-snippet":"max-snippet:-1","max-image-preview":"max-image-preview:large","max-video-preview":"max-video-preview:-1"},"canonical":"https:\/\/traitafina.ch\/fr\/empreinte\/","og_locale":"fr_FR","og_type":"article","og_title":"Empreinte - Traitafina","og_description":"Mentions l\u00e9gales Responsable du contenu des pages du site Internet Traitafina AG Niederlenzer Kirchweg 12 Postfach 630 CH-5600 Lenzburg E-Mail: info@traitafina.ch T\u00e9l\u00e9phone: +41 62 885 21 21 Conditions d&rsquo;utilisation D&rsquo;une fa\u00e7on g\u00e9n\u00e9rale, nous souhaitons vous proposer sur notre site Internet uniquement des informations compl\u00e8tes, exactes et actualis\u00e9es. Nous ne sommes cependant pas responsables des informations &hellip; Continuer la lecture de &laquo;&nbsp;Empreinte&nbsp;&raquo;","og_url":"https:\/\/traitafina.ch\/fr\/empreinte\/","og_site_name":"Traitafina","article_publisher":"https:\/\/www.facebook.com\/traitafina","article_modified_time":"2018-04-16T12:06:06+00:00","twitter_card":"summary_large_image","twitter_misc":{"Dur\u00e9e de lecture estim\u00e9e":"3 minutes"},"schema":{"@context":"https:\/\/schema.org","@graph":[{"@type":"WebPage","@id":"https:\/\/traitafina.ch\/fr\/empreinte\/","url":"https:\/\/traitafina.ch\/fr\/empreinte\/","name":"Empreinte - Traitafina","isPartOf":{"@id":"https:\/\/traitafina.ch\/#website"},"datePublished":"2018-04-10T09:33:54+00:00","dateModified":"2018-04-16T12:06:06+00:00","breadcrumb":{"@id":"https:\/\/traitafina.ch\/fr\/empreinte\/#breadcrumb"},"inLanguage":"fr-FR","potentialAction":[{"@type":"ReadAction","target":["https:\/\/traitafina.ch\/fr\/empreinte\/"]}]},{"@type":"BreadcrumbList","@id":"https:\/\/traitafina.ch\/fr\/empreinte\/#breadcrumb","itemListElement":[{"@type":"ListItem","position":1,"name":"","item":"https:\/\/traitafina.ch\/fr\/"},{"@type":"ListItem","position":2,"name":"Empreinte"}]},{"@type":"WebSite","@id":"https:\/\/traitafina.ch\/#website","url":"https:\/\/traitafina.ch\/","name":"Traitafina","description":"Traitafina","publisher":{"@id":"https:\/\/traitafina.ch\/#organization"},"potentialAction":[{"@type":"SearchAction","target":{"@type":"EntryPoint","urlTemplate":"https:\/\/traitafina.ch\/?s={search_term_string}"},"query-input":{"@type":"PropertyValueSpecification","valueRequired":true,"valueName":"search_term_string"}}],"inLanguage":"fr-FR"},{"@type":"Organization","@id":"https:\/\/traitafina.ch\/#organization","name":"Traitafina","url":"https:\/\/traitafina.ch\/","logo":{"@type":"ImageObject","inLanguage":"fr-FR","@id":"https:\/\/traitafina.ch\/#\/schema\/logo\/image\/","url":"https:\/\/traitafina.ch\/wp-content\/uploads\/2017\/12\/logo-main.png","contentUrl":"https:\/\/traitafina.ch\/wp-content\/uploads\/2017\/12\/logo-main.png","width":240,"height":124,"caption":"Traitafina"},"image":{"@id":"https:\/\/traitafina.ch\/#\/schema\/logo\/image\/"},"sameAs":["https:\/\/www.facebook.com\/traitafina","https:\/\/www.instagram.com\/traitafina\/","https:\/\/www.linkedin.com\/company\/traitafina-ag"]}]}},"_links":{"self":[{"href":"https:\/\/traitafina.ch\/fr\/wp-json\/wp\/v2\/pages\/4263","targetHints":{"allow":["GET"]}}],"collection":[{"href":"https:\/\/traitafina.ch\/fr\/wp-json\/wp\/v2\/pages"}],"about":[{"href":"https:\/\/traitafina.ch\/fr\/wp-json\/wp\/v2\/types\/page"}],"author":[{"embeddable":true,"href":"https:\/\/traitafina.ch\/fr\/wp-json\/wp\/v2\/users\/23"}],"replies":[{"embeddable":true,"href":"https:\/\/traitafina.ch\/fr\/wp-json\/wp\/v2\/comments?post=4263"}],"version-history":[{"count":0,"href":"https:\/\/traitafina.ch\/fr\/wp-json\/wp\/v2\/pages\/4263\/revisions"}],"wp:attachment":[{"href":"https:\/\/traitafina.ch\/fr\/wp-json\/wp\/v2\/media?parent=4263"}],"curies":[{"name":"wp","href":"https:\/\/api.w.org\/{rel}","templated":true}]}}